{"id":16620,"date":"2024-03-02T12:42:54","date_gmt":"2024-03-02T10:42:54","guid":{"rendered":"https:\/\/goldkalitsouni.gr\/?post_type=product&#038;p=16620"},"modified":"2024-03-02T12:43:49","modified_gmt":"2024-03-02T10:43:49","slug":"kritsini-polysporo-makr-no","status":"publish","type":"product","link":"https:\/\/goldkalitsouni.gr\/de\/produkt\/kritsini-polysporo-makr-no\/","title":{"rendered":"Mehrkorn-Brotstick"},"content":{"rendered":"<div id=\"tab-description\" class=\"woocommerce-Tabs-panel woocommerce-Tabs-panel--description panel entry-content wc-tab\">\n<div class=\"wc-tab-innerwd-scroll\"><\/p>\n<div class=\"wd-scroll-content\">\n<p><strong>Zutaten<\/strong><br \/>\nEs wird aus verschiedenen Vollkorngetreiden hergestellt, was die Vielfalt an Vitaminen und Spurenelementen erh\u00f6ht. Es ist reich an Kalzium, Eisen, Phosphor, Magnesium und Ballaststoffen und arm an Natrium.<\/p>\n<p><strong>Zubereitungsmethode<\/strong><br \/>\nHergestellt nach einem alten authentischen Rezept der Familie Zouridakis, ohne Farbstoffe.<\/p>\n<p><strong>Geschmack<\/strong><br \/>\nFluffig und knusprig.<\/p>\n<p><strong>N\u00e4hrwert<\/strong><br \/>\nHilft, den Blutzuckerspiegel zu stabilisieren, den Stoffwechsel zu f\u00f6rdern, ein normales K\u00f6rpergewicht zu halten, das schlechte Cholesterin zu senken und Verstopfung vorzubeugen.<\/p>\n<p><strong>Wege, es zu genie\u00dfen<\/strong><br \/>\nSie k\u00f6nnen es den ganzen Tag \u00fcber als Snack genie\u00dfen und es Ihren G\u00e4sten mit dazugeh\u00f6rigen K\u00e4sesorten und Fleisch servieren.<\/p>\n<\/div>\n<\/div>\n<\/div>","protected":false},"excerpt":{"rendered":"<p>Sie k\u00f6nnen es den ganzen Tag \u00fcber als Snack genie\u00dfen und es Ihren G\u00e4sten mit dazugeh\u00f6rigen K\u00e4sesorten und Fleisch servieren.<\/p>","protected":false},"featured_media":16621,"template":"","meta":[],"product_cat":[460],"product_tag":[],"yoast_head":"<!-- This site is optimized with the Yoast SEO plugin v22.2 - https:\/\/yoast.com\/wordpress\/plugins\/seo\/ -->\n<title>\u039a\u03c1\u03b9\u03c4\u03c3\u03af\u03bd\u03b9 \u03c0\u03bf\u03bb\u03cd\u03c3\u03c0\u03bf\u03c1\u03bf \u039c\u03b1\u03ba\u03c1\/\u03bd\u03bf - \u03a7\u03c1\u03c5\u03c3\u03cc \u039a\u03b1\u03bb\u03b9\u03c4\u03c3\u03bf\u03cd\u03bd\u03b9 \u0396\u03bf\u03c5\u03c1\u03b9\u03b4\u03ac\u03ba\u03b7\u03c2 | \u03a7\u03c1\u03c5\u03c3\u03ac \u039a\u03c1\u03b7\u03c4\u03b9\u03ba\u03ac \u03a0\u03c1\u03bf\u03ca\u03cc\u03bd\u03c4\u03b1<\/title>\n<meta name=\"robots\" content=\"index, follow, max-snippet:-1, max-image-preview:large, max-video-preview:-1\" \/>\n<link rel=\"canonical\" href=\"https:\/\/goldkalitsouni.gr\/de\/produkt\/kritsini-polysporo-makr-no\/\" \/>\n<meta property=\"og:locale\" content=\"de_DE\" \/>\n<meta property=\"og:type\" content=\"article\" \/>\n<meta property=\"og:title\" content=\"\u039a\u03c1\u03b9\u03c4\u03c3\u03af\u03bd\u03b9 \u03c0\u03bf\u03bb\u03cd\u03c3\u03c0\u03bf\u03c1\u03bf \u039c\u03b1\u03ba\u03c1\/\u03bd\u03bf - \u03a7\u03c1\u03c5\u03c3\u03cc \u039a\u03b1\u03bb\u03b9\u03c4\u03c3\u03bf\u03cd\u03bd\u03b9 \u0396\u03bf\u03c5\u03c1\u03b9\u03b4\u03ac\u03ba\u03b7\u03c2 | \u03a7\u03c1\u03c5\u03c3\u03ac \u039a\u03c1\u03b7\u03c4\u03b9\u03ba\u03ac \u03a0\u03c1\u03bf\u03ca\u03cc\u03bd\u03c4\u03b1\" \/>\n<meta property=\"og:description\" content=\"\u039c\u03c0\u03bf\u03c1\u03b5\u03af\u03c2 \u03bd\u03b1 \u03c4\u03bf \u03ad\u03c7\u03b5\u03b9\u03c2 \u03cc\u03bb\u03b7 \u03c4\u03b7\u03bd \u03b7\u03bc\u03ad\u03c1\u03b1 \u03c3\u03b1\u03bd \u03c3\u03bd\u03b1\u03ba \u03ba\u03b1\u03b9 \u03bd\u03b1 \u03c4\u03bf \u03c0\u03c1\u03bf\u03c3\u03c6\u03ad\u03c1\u03b5\u03b9\u03c2 \u03c3\u03c4\u03b7\u03bd \u03c0\u03b1\u03c1\u03ad\u03b1 \u03c3\u03bf\u03c5 \u03bc\u03b5 \u03c3\u03c5\u03bd\u03bf\u03b4\u03b5\u03c5\u03c4\u03b9\u03ba\u03ac \u03c4\u03c5\u03c1\u03b9\u03ac \u03ba\u03b1\u03b9 \u03ba\u03c1\u03b5\u03b1\u03c4\u03b9\u03ba\u03ac.\" \/>\n<meta property=\"og:url\" content=\"https:\/\/goldkalitsouni.gr\/de\/produkt\/kritsini-polysporo-makr-no\/\" \/>\n<meta property=\"og:site_name\" content=\"\u03a7\u03c1\u03c5\u03c3\u03cc \u039a\u03b1\u03bb\u03b9\u03c4\u03c3\u03bf\u03cd\u03bd\u03b9 \u0396\u03bf\u03c5\u03c1\u03b9\u03b4\u03ac\u03ba\u03b7\u03c2 | \u03a7\u03c1\u03c5\u03c3\u03ac \u039a\u03c1\u03b7\u03c4\u03b9\u03ba\u03ac \u03a0\u03c1\u03bf\u03ca\u03cc\u03bd\u03c4\u03b1\" \/>\n<meta property=\"article:publisher\" content=\"https:\/\/www.facebook.com\/zouridakisgr\/\" \/>\n<meta property=\"article:modified_time\" content=\"2024-03-02T10:43:49+00:00\" \/>\n<meta property=\"og:image\" content=\"https:\/\/goldkalitsouni.gr\/wp-content\/uploads\/2024\/03\/004.jpg\" \/>\n\t<meta property=\"og:image:width\" content=\"600\" \/>\n\t<meta property=\"og:image:height\" content=\"400\" \/>\n\t<meta property=\"og:image:type\" content=\"image\/jpeg\" \/>\n<meta name=\"twitter:card\" content=\"summary_large_image\" \/>\n<script type=\"application\/ld+json\" class=\"yoast-schema-graph\">{\"@context\":\"https:\/\/schema.org\",\"@graph\":[{\"@type\":\"WebPage\",\"@id\":\"https:\/\/goldkalitsouni.gr\/product\/kritsini-polysporo-makr-no\/\",\"url\":\"https:\/\/goldkalitsouni.gr\/product\/kritsini-polysporo-makr-no\/\",\"name\":\"\u039a\u03c1\u03b9\u03c4\u03c3\u03af\u03bd\u03b9 \u03c0\u03bf\u03bb\u03cd\u03c3\u03c0\u03bf\u03c1\u03bf \u039c\u03b1\u03ba\u03c1\/\u03bd\u03bf - \u03a7\u03c1\u03c5\u03c3\u03cc \u039a\u03b1\u03bb\u03b9\u03c4\u03c3\u03bf\u03cd\u03bd\u03b9 \u0396\u03bf\u03c5\u03c1\u03b9\u03b4\u03ac\u03ba\u03b7\u03c2 | \u03a7\u03c1\u03c5\u03c3\u03ac \u039a\u03c1\u03b7\u03c4\u03b9\u03ba\u03ac \u03a0\u03c1\u03bf\u03ca\u03cc\u03bd\u03c4\u03b1\",\"isPartOf\":{\"@id\":\"https:\/\/goldkalitsouni.gr\/#website\"},\"primaryImageOfPage\":{\"@id\":\"https:\/\/goldkalitsouni.gr\/product\/kritsini-polysporo-makr-no\/#primaryimage\"},\"image\":{\"@id\":\"https:\/\/goldkalitsouni.gr\/product\/kritsini-polysporo-makr-no\/#primaryimage\"},\"thumbnailUrl\":\"https:\/\/goldkalitsouni.gr\/wp-content\/uploads\/2024\/03\/004.jpg\",\"datePublished\":\"2024-03-02T10:42:54+00:00\",\"dateModified\":\"2024-03-02T10:43:49+00:00\",\"breadcrumb\":{\"@id\":\"https:\/\/goldkalitsouni.gr\/product\/kritsini-polysporo-makr-no\/#breadcrumb\"},\"inLanguage\":\"de\",\"potentialAction\":[{\"@type\":\"ReadAction\",\"target\":[\"https:\/\/goldkalitsouni.gr\/product\/kritsini-polysporo-makr-no\/\"]}]},{\"@type\":\"ImageObject\",\"inLanguage\":\"de\",\"@id\":\"https:\/\/goldkalitsouni.gr\/product\/kritsini-polysporo-makr-no\/#primaryimage\",\"url\":\"https:\/\/goldkalitsouni.gr\/wp-content\/uploads\/2024\/03\/004.jpg\",\"contentUrl\":\"https:\/\/goldkalitsouni.gr\/wp-content\/uploads\/2024\/03\/004.jpg\",\"width\":600,\"height\":400},{\"@type\":\"BreadcrumbList\",\"@id\":\"https:\/\/goldkalitsouni.gr\/product\/kritsini-polysporo-makr-no\/#breadcrumb\",\"itemListElement\":[{\"@type\":\"ListItem\",\"position\":1,\"name\":\"\u0391\u03c1\u03c7\u03b9\u03ba\u03ae\",\"item\":\"https:\/\/goldkalitsouni.gr\/\"},{\"@type\":\"ListItem\",\"position\":2,\"name\":\"Shop\",\"item\":\"https:\/\/goldkalitsouni.gr\/shop\/\"},{\"@type\":\"ListItem\",\"position\":3,\"name\":\"\u039a\u03c1\u03b9\u03c4\u03c3\u03af\u03bd\u03b9 \u03c0\u03bf\u03bb\u03cd\u03c3\u03c0\u03bf\u03c1\u03bf \u039c\u03b1\u03ba\u03c1\/\u03bd\u03bf\"}]},{\"@type\":\"WebSite\",\"@id\":\"https:\/\/goldkalitsouni.gr\/#website\",\"url\":\"https:\/\/goldkalitsouni.gr\/\",\"name\":\"\u03a7\u03c1\u03c5\u03c3\u03cc \u039a\u03b1\u03bb\u03b9\u03c4\u03c3\u03bf\u03cd\u03bd\u03b9 | \u03a7\u03a1\u03a5\u03a3\u0391 \u039a\u03a1\u0397\u03a4\u0399\u039a\u0391 \u03a0\u03a1\u039f\u0399\u039f\u039d\u03a4\u0391\",\"description\":\"\",\"publisher\":{\"@id\":\"https:\/\/goldkalitsouni.gr\/#organization\"},\"potentialAction\":[{\"@type\":\"SearchAction\",\"target\":{\"@type\":\"EntryPoint\",\"urlTemplate\":\"https:\/\/goldkalitsouni.gr\/?s={search_term_string}\"},\"query-input\":\"required name=search_term_string\"}],\"inLanguage\":\"de\"},{\"@type\":\"Organization\",\"@id\":\"https:\/\/goldkalitsouni.gr\/#organization\",\"name\":\"\u03a7\u03c1\u03c5\u03c3\u03cc \u039a\u03b1\u03bb\u03b9\u03c4\u03c3\u03bf\u03cd\u03bd\u03b9 | \u03a7\u03a1\u03a5\u03a3\u0391 \u039a\u03a1\u0397\u03a4\u0399\u039a\u0391 \u03a0\u03a1\u039f\u0399\u039f\u039d\u03a4\u0391\",\"url\":\"https:\/\/goldkalitsouni.gr\/\",\"logo\":{\"@type\":\"ImageObject\",\"inLanguage\":\"de\",\"@id\":\"https:\/\/goldkalitsouni.gr\/#\/schema\/logo\/image\/\",\"url\":\"https:\/\/goldkalitsouni.gr\/wp-content\/uploads\/2019\/06\/logowhite400-1.png\",\"contentUrl\":\"https:\/\/goldkalitsouni.gr\/wp-content\/uploads\/2019\/06\/logowhite400-1.png\",\"width\":400,\"height\":400,\"caption\":\"\u03a7\u03c1\u03c5\u03c3\u03cc \u039a\u03b1\u03bb\u03b9\u03c4\u03c3\u03bf\u03cd\u03bd\u03b9 | \u03a7\u03a1\u03a5\u03a3\u0391 \u039a\u03a1\u0397\u03a4\u0399\u039a\u0391 \u03a0\u03a1\u039f\u0399\u039f\u039d\u03a4\u0391\"},\"image\":{\"@id\":\"https:\/\/goldkalitsouni.gr\/#\/schema\/logo\/image\/\"},\"sameAs\":[\"https:\/\/www.facebook.com\/zouridakisgr\/\",\"https:\/\/www.instagram.com\/zouridakis_kritika_proionta\/\",\"https:\/\/www.tiktok.com\/@zouridakis.gr\"]}]}<\/script>\n<!-- \/ Yoast SEO plugin. -->","yoast_head_json":{"title":"\u039a\u03c1\u03b9\u03c4\u03c3\u03af\u03bd\u03b9 \u03c0\u03bf\u03bb\u03cd\u03c3\u03c0\u03bf\u03c1\u03bf \u039c\u03b1\u03ba\u03c1\/\u03bd\u03bf - \u03a7\u03c1\u03c5\u03c3\u03cc \u039a\u03b1\u03bb\u03b9\u03c4\u03c3\u03bf\u03cd\u03bd\u03b9 \u0396\u03bf\u03c5\u03c1\u03b9\u03b4\u03ac\u03ba\u03b7\u03c2 | \u03a7\u03c1\u03c5\u03c3\u03ac \u039a\u03c1\u03b7\u03c4\u03b9\u03ba\u03ac \u03a0\u03c1\u03bf\u03ca\u03cc\u03bd\u03c4\u03b1","robots":{"index":"index","follow":"follow","max-snippet":"max-snippet:-1","max-image-preview":"max-image-preview:large","max-video-preview":"max-video-preview:-1"},"canonical":"https:\/\/goldkalitsouni.gr\/de\/produkt\/kritsini-polysporo-makr-no\/","og_locale":"de_DE","og_type":"article","og_title":"\u039a\u03c1\u03b9\u03c4\u03c3\u03af\u03bd\u03b9 \u03c0\u03bf\u03bb\u03cd\u03c3\u03c0\u03bf\u03c1\u03bf \u039c\u03b1\u03ba\u03c1\/\u03bd\u03bf - \u03a7\u03c1\u03c5\u03c3\u03cc \u039a\u03b1\u03bb\u03b9\u03c4\u03c3\u03bf\u03cd\u03bd\u03b9 \u0396\u03bf\u03c5\u03c1\u03b9\u03b4\u03ac\u03ba\u03b7\u03c2 | \u03a7\u03c1\u03c5\u03c3\u03ac \u039a\u03c1\u03b7\u03c4\u03b9\u03ba\u03ac \u03a0\u03c1\u03bf\u03ca\u03cc\u03bd\u03c4\u03b1","og_description":"\u039c\u03c0\u03bf\u03c1\u03b5\u03af\u03c2 \u03bd\u03b1 \u03c4\u03bf \u03ad\u03c7\u03b5\u03b9\u03c2 \u03cc\u03bb\u03b7 \u03c4\u03b7\u03bd \u03b7\u03bc\u03ad\u03c1\u03b1 \u03c3\u03b1\u03bd \u03c3\u03bd\u03b1\u03ba \u03ba\u03b1\u03b9 \u03bd\u03b1 \u03c4\u03bf \u03c0\u03c1\u03bf\u03c3\u03c6\u03ad\u03c1\u03b5\u03b9\u03c2 \u03c3\u03c4\u03b7\u03bd \u03c0\u03b1\u03c1\u03ad\u03b1 \u03c3\u03bf\u03c5 \u03bc\u03b5 \u03c3\u03c5\u03bd\u03bf\u03b4\u03b5\u03c5\u03c4\u03b9\u03ba\u03ac \u03c4\u03c5\u03c1\u03b9\u03ac \u03ba\u03b1\u03b9 \u03ba\u03c1\u03b5\u03b1\u03c4\u03b9\u03ba\u03ac.","og_url":"https:\/\/goldkalitsouni.gr\/de\/produkt\/kritsini-polysporo-makr-no\/","og_site_name":"\u03a7\u03c1\u03c5\u03c3\u03cc \u039a\u03b1\u03bb\u03b9\u03c4\u03c3\u03bf\u03cd\u03bd\u03b9 \u0396\u03bf\u03c5\u03c1\u03b9\u03b4\u03ac\u03ba\u03b7\u03c2 | \u03a7\u03c1\u03c5\u03c3\u03ac \u039a\u03c1\u03b7\u03c4\u03b9\u03ba\u03ac \u03a0\u03c1\u03bf\u03ca\u03cc\u03bd\u03c4\u03b1","article_publisher":"https:\/\/www.facebook.com\/zouridakisgr\/","article_modified_time":"2024-03-02T10:43:49+00:00","og_image":[{"width":600,"height":400,"url":"https:\/\/goldkalitsouni.gr\/wp-content\/uploads\/2024\/03\/004.jpg","type":"image\/jpeg"}],"twitter_card":"summary_large_image","schema":{"@context":"https:\/\/schema.org","@graph":[{"@type":"WebPage","@id":"https:\/\/goldkalitsouni.gr\/product\/kritsini-polysporo-makr-no\/","url":"https:\/\/goldkalitsouni.gr\/product\/kritsini-polysporo-makr-no\/","name":"\u039a\u03c1\u03b9\u03c4\u03c3\u03af\u03bd\u03b9 \u03c0\u03bf\u03bb\u03cd\u03c3\u03c0\u03bf\u03c1\u03bf \u039c\u03b1\u03ba\u03c1\/\u03bd\u03bf - \u03a7\u03c1\u03c5\u03c3\u03cc \u039a\u03b1\u03bb\u03b9\u03c4\u03c3\u03bf\u03cd\u03bd\u03b9 \u0396\u03bf\u03c5\u03c1\u03b9\u03b4\u03ac\u03ba\u03b7\u03c2 | \u03a7\u03c1\u03c5\u03c3\u03ac \u039a\u03c1\u03b7\u03c4\u03b9\u03ba\u03ac \u03a0\u03c1\u03bf\u03ca\u03cc\u03bd\u03c4\u03b1","isPartOf":{"@id":"https:\/\/goldkalitsouni.gr\/#website"},"primaryImageOfPage":{"@id":"https:\/\/goldkalitsouni.gr\/product\/kritsini-polysporo-makr-no\/#primaryimage"},"image":{"@id":"https:\/\/goldkalitsouni.gr\/product\/kritsini-polysporo-makr-no\/#primaryimage"},"thumbnailUrl":"https:\/\/goldkalitsouni.gr\/wp-content\/uploads\/2024\/03\/004.jpg","datePublished":"2024-03-02T10:42:54+00:00","dateModified":"2024-03-02T10:43:49+00:00","breadcrumb":{"@id":"https:\/\/goldkalitsouni.gr\/product\/kritsini-polysporo-makr-no\/#breadcrumb"},"inLanguage":"de","potentialAction":[{"@type":"ReadAction","target":["https:\/\/goldkalitsouni.gr\/product\/kritsini-polysporo-makr-no\/"]}]},{"@type":"ImageObject","inLanguage":"de","@id":"https:\/\/goldkalitsouni.gr\/product\/kritsini-polysporo-makr-no\/#primaryimage","url":"https:\/\/goldkalitsouni.gr\/wp-content\/uploads\/2024\/03\/004.jpg","contentUrl":"https:\/\/goldkalitsouni.gr\/wp-content\/uploads\/2024\/03\/004.jpg","width":600,"height":400},{"@type":"BreadcrumbList","@id":"https:\/\/goldkalitsouni.gr\/product\/kritsini-polysporo-makr-no\/#breadcrumb","itemListElement":[{"@type":"ListItem","position":1,"name":"\u0391\u03c1\u03c7\u03b9\u03ba\u03ae","item":"https:\/\/goldkalitsouni.gr\/"},{"@type":"ListItem","position":2,"name":"Shop","item":"https:\/\/goldkalitsouni.gr\/shop\/"},{"@type":"ListItem","position":3,"name":"\u039a\u03c1\u03b9\u03c4\u03c3\u03af\u03bd\u03b9 \u03c0\u03bf\u03bb\u03cd\u03c3\u03c0\u03bf\u03c1\u03bf \u039c\u03b1\u03ba\u03c1\/\u03bd\u03bf"}]},{"@type":"WebSite","@id":"https:\/\/goldkalitsouni.gr\/#website","url":"https:\/\/goldkalitsouni.gr\/","name":"\u03a7\u03c1\u03c5\u03c3\u03cc \u039a\u03b1\u03bb\u03b9\u03c4\u03c3\u03bf\u03cd\u03bd\u03b9 | \u03a7\u03a1\u03a5\u03a3\u0391 \u039a\u03a1\u0397\u03a4\u0399\u039a\u0391 \u03a0\u03a1\u039f\u0399\u039f\u039d\u03a4\u0391","description":"","publisher":{"@id":"https:\/\/goldkalitsouni.gr\/#organization"},"potentialAction":[{"@type":"SearchAction","target":{"@type":"EntryPoint","urlTemplate":"https:\/\/goldkalitsouni.gr\/?s={search_term_string}"},"query-input":"required name=search_term_string"}],"inLanguage":"de"},{"@type":"Organization","@id":"https:\/\/goldkalitsouni.gr\/#organization","name":"\u03a7\u03c1\u03c5\u03c3\u03cc \u039a\u03b1\u03bb\u03b9\u03c4\u03c3\u03bf\u03cd\u03bd\u03b9 | \u03a7\u03a1\u03a5\u03a3\u0391 \u039a\u03a1\u0397\u03a4\u0399\u039a\u0391 \u03a0\u03a1\u039f\u0399\u039f\u039d\u03a4\u0391","url":"https:\/\/goldkalitsouni.gr\/","logo":{"@type":"ImageObject","inLanguage":"de","@id":"https:\/\/goldkalitsouni.gr\/#\/schema\/logo\/image\/","url":"https:\/\/goldkalitsouni.gr\/wp-content\/uploads\/2019\/06\/logowhite400-1.png","contentUrl":"https:\/\/goldkalitsouni.gr\/wp-content\/uploads\/2019\/06\/logowhite400-1.png","width":400,"height":400,"caption":"\u03a7\u03c1\u03c5\u03c3\u03cc \u039a\u03b1\u03bb\u03b9\u03c4\u03c3\u03bf\u03cd\u03bd\u03b9 | \u03a7\u03a1\u03a5\u03a3\u0391 \u039a\u03a1\u0397\u03a4\u0399\u039a\u0391 \u03a0\u03a1\u039f\u0399\u039f\u039d\u03a4\u0391"},"image":{"@id":"https:\/\/goldkalitsouni.gr\/#\/schema\/logo\/image\/"},"sameAs":["https:\/\/www.facebook.com\/zouridakisgr\/","https:\/\/www.instagram.com\/zouridakis_kritika_proionta\/","https:\/\/www.tiktok.com\/@zouridakis.gr"]}]}},"_links":{"self":[{"href":"https:\/\/goldkalitsouni.gr\/de\/wp-json\/wp\/v2\/product\/16620"}],"collection":[{"href":"https:\/\/goldkalitsouni.gr\/de\/wp-json\/wp\/v2\/product"}],"about":[{"href":"https:\/\/goldkalitsouni.gr\/de\/wp-json\/wp\/v2\/types\/product"}],"wp:featuredmedia":[{"embeddable":true,"href":"https:\/\/goldkalitsouni.gr\/de\/wp-json\/wp\/v2\/media\/16621"}],"wp:attachment":[{"href":"https:\/\/goldkalitsouni.gr\/de\/wp-json\/wp\/v2\/media?parent=16620"}],"wp:term":[{"taxonomy":"product_cat","embeddable":true,"href":"https:\/\/goldkalitsouni.gr\/de\/wp-json\/wp\/v2\/product_cat?post=16620"},{"taxonomy":"product_tag","embeddable":true,"href":"https:\/\/goldkalitsouni.gr\/de\/wp-json\/wp\/v2\/product_tag?post=16620"}],"curies":[{"name":"wp","href":"https:\/\/api.w.org\/{rel}","templated":true}]}}